{"id":111,"date":"2017-07-21T08:07:45","date_gmt":"2017-07-21T08:07:45","guid":{"rendered":"http:\/\/localhost\/tcm\/about-us\/"},"modified":"2018-12-10T08:44:59","modified_gmt":"2018-12-10T13:14:59","slug":"nosotros","status":"publish","type":"page","link":"https:\/\/telecomunicacionesmonagas.com\/tcm\/nosotros\/","title":{"rendered":"Nosotros"},"content":{"rendered":"<div class=\"section vc_custom_1542645648436\">\n                    <div class=\"section-background\" data-section-bg-title=\"\">\n            <div class=\"section-bg-image section-bg-image-size-100 section-bg-image-size-md-100 section-bg-image-size-lg-100 section-bg-image-position-bottom verso-opacity-10\" style=\"background-image: url('https:\/\/telecomunicacionesmonagas.com\/tcm\/wp-content\/uploads\/2018\/11\/commerce-funky-angle_blue-DL-1600x240ALE-1.jpg');\"><\/div>\n        <\/div>\n        <div class=\"section-content\">\n        <div class=\"container\">\n            <div class=\"row\">\n    <div class=\"col-lg-12 align-self-center verso-text-light\">\n    [vc_custom_heading text=\u00bbQuienes S\u00f3mos<br \/>\n\u00bb font_container=\u00bbtag:h1|text_align:left\u00bb use_theme_fonts=\u00bbyes\u00bb css_animation=\u00bbfadeIn\u00bb][vc_column_text css_animation=\u00bbfadeIn\u00bb el_class=\u00bblead\u00bb]<\/p>\n<p style=\"text-align: justify;\"><strong>Somos una empresa venezolana\u00a0 fundada en el a\u00f1o 1985.\u00a0 Nuestra principal actividad son las\u00a0<span style=\"color: #f0b823; font-weight: bold;\">IMPORTACI\u00d3NES<\/span> y comercializaci\u00f3n al mayor y detal en todo el territorio nacional de todo tipo de productos el\u00e9ctricos y electr\u00f3nicos, especialmente todos aquellos vinculados al \u00e1rea de las telecomunicaciones alambricas e inal\u00e1mbricas, as\u00ed como tambi\u00e9n sistemas de protecci\u00f3n y seguridad de uso domestico, comercial\u00a0 e industrial.<br \/>\n<\/strong><br \/>\n<strong>Ventas y alquiler de radios y\u00a0 repetidoras de comunicaci\u00f3n y site para sus alojamientos, servicio t\u00e9cnico especializado en reparaci\u00f3n y programaci\u00f3n de equipos de telecomunicaciones. Proyectos e instalaciones de sistemas. <\/strong><\/p>\n<p style=\"text-align: justify;\"><strong>Estamos ubicados en Av. Libertador, Residencias Para\u00edso, P.B N\u00b004, Matur\u00edn 6201, Estado Monagas, Republica Bolivariana De Venezuela.\u00a0\u00a0<img decoding=\"async\" loading=\"lazy\" class=\"wp-image-152\" style=\"vertical-align: baseline;\" src=\"https:\/\/telecomunicacionesmonagas.com\/tcm\/wp-content\/uploads\/2018\/11\/venezuela-1.png\" alt=\"\" width=\"30\" height=\"30\" \/><\/strong><\/p>\n<p>[\/vc_column_text]<\/div>\n<\/div>\n        <\/div>\n    <\/div>\n<\/div>\n<div class=\"section vc_custom_1501052094165\">\n                    <div class=\"section-background\" data-section-bg-title=\"\">\n            <div class=\"section-bg-image section-bg-image-size-100 section-bg-image-size-md-100 section-bg-image-size-lg-100 section-bg-image-position-bottom verso-opacity-10\" style=\"background-image: url('https:\/\/telecomunicacionesmonagas.com\/tcm\/wp-content\/uploads\/2018\/11\/commerce-funky-angle_red-UR-1600x240.jpg');\"><\/div>\n        <\/div>\n        <div class=\"section-content\">\n        <div class=\"container\">\n            <div class=\"row\">\n    <div class=\"col-lg-12 verso-text-normal\">\n    [vc_custom_heading text=\u00bbFilosof\u00eda Empresarial\u00bb font_container=\u00bbtag:h2|text_align:center\u00bb use_theme_fonts=\u00bbyes\u00bb css_animation=\u00bbfadeIn\u00bb css=\u00bb.vc_custom_1542646443601{margin-bottom: 60px !important;}\u00bb]<\/div>\n<\/div>\n<div class=\"row\">\n    <div class=\"col-lg-4 col-md-6 col-sm-6 verso-text-normal\">\n    [vc_hoverbox image=\u00bb167&#8243; primary_title=\u00bbMisi\u00f3n\u00bb primary_title_font_container=\u00bbcolor:%23000000&#8243; primary_title_use_theme_fonts=\u00bbyes\u00bb hover_title=\u00bbMisi\u00f3n\u00bb use_custom_fonts_primary_title=\u00bbtrue\u00bb]<span style=\"color: #ff0000;\">Brindar servicios de calidad en el \u00e1rea de las telecomunicaciones de forma eficiente para satisfacer las demandas de nuestros clientes, promover y desarrollar sistemas, ofrecer equipos y tecnolog\u00eda de p\u00fanta a fin de mantener relaciones comerciales s\u00f3lidas y exitosas.<\/span>[\/vc_hoverbox]<\/div>\n<div class=\"col-lg-4 col-md-6 col-sm-6 verso-text-normal\">\n    [vc_hoverbox image=\u00bb165&#8243; primary_title=\u00bbVisi\u00f3n\u00bb primary_title_font_container=\u00bbcolor:%23000000&#8243; primary_title_use_theme_fonts=\u00bbyes\u00bb hover_title=\u00bbVisi\u00f3n\u00bb use_custom_fonts_primary_title=\u00bbtrue\u00bb]<span style=\"color: #ff0000;\">Mantener el liderazgo en el \u00e1rea de las telecomunicaciones, ampliar el \u00e1rea de servicio y operatividad, elevar los niveles de profesional\u00edsmo y sentido de compromiso de su recurso humano, as\u00ed como el de atenci\u00f3n y respeto a todos nuestros clientes, todo esto dentro del marco de una econom\u00eda globalizada y competitiva.<\/span>[\/vc_hoverbox]<\/div>\n<div class=\"col-lg-4 col-md-6 col-sm-6 verso-text-normal\">\n    [vc_hoverbox image=\u00bb168&#8243; primary_title=\u00bbObjetivos\u00bb primary_title_font_container=\u00bbcolor:%23000000&#8243; primary_title_use_theme_fonts=\u00bbyes\u00bb hover_title=\u00bbObjetivos\u00bb use_custom_fonts_primary_title=\u00bbtrue\u00bb]<\/p>\n<ul>\n<li><span style=\"color: #ff0000;\">Conservar el liderazgo en el \u00e1rea de telecomunicaciones.<\/span><\/li>\n<li><span style=\"color: #ff0000;\">Ampliar el \u00e1rea de servicios y operatividad para mejorar la eficiencia de los servicios.<\/span><\/li>\n<li><span style=\"color: #ff0000;\">Elevar los niveles de profesionalismo y sentido de compromiso de su recurso humano.Mantener una estrecha relaci\u00f3n con sus clientes.<\/span><\/li>\n<\/ul>\n<p>[\/vc_hoverbox]<\/div>\n<\/div>\n        <\/div>\n    <\/div>\n<\/div>\n","protected":false},"excerpt":{"rendered":"[vc_custom_heading text=\"Quienes S\u00f3mos \" font_container=\"tag:h1|text_align:left\" use_theme_fonts=\"yes\" css_animation=\"fadeIn\"][vc_column_text css_animation=\"fadeIn\" el_class=\"lead\"] Somos una empresa venezolana\u00a0 fundada en el a\u00f1o 1985.\u00a0 Nuestra principal actividad son las\u00a0IMPORTACI\u00d3NES y comercializaci\u00f3n al mayor y detal en todo el territorio nacional de todo tipo de productos el\u00e9ctricos y electr\u00f3nicos, especialmente todos aquellos vinculados al \u00e1rea de las telecomunicaciones alambricas e inal\u00e1mbricas, as\u00ed [...]","protected":false},"author":1,"featured_media":0,"parent":0,"menu_order":0,"comment_status":"closed","ping_status":"closed","template":"","meta":[],"_links":{"self":[{"href":"https:\/\/telecomunicacionesmonagas.com\/tcm\/wp-json\/wp\/v2\/pages\/111"}],"collection":[{"href":"https:\/\/telecomunicacionesmonagas.com\/tcm\/wp-json\/wp\/v2\/pages"}],"about":[{"href":"https:\/\/telecomunicacionesmonagas.com\/tcm\/wp-json\/wp\/v2\/types\/page"}],"author":[{"embeddable":true,"href":"https:\/\/telecomunicacionesmonagas.com\/tcm\/wp-json\/wp\/v2\/users\/1"}],"replies":[{"embeddable":true,"href":"https:\/\/telecomunicacionesmonagas.com\/tcm\/wp-json\/wp\/v2\/comments?post=111"}],"version-history":[{"count":23,"href":"https:\/\/telecomunicacionesmonagas.com\/tcm\/wp-json\/wp\/v2\/pages\/111\/revisions"}],"predecessor-version":[{"id":849,"href":"https:\/\/telecomunicacionesmonagas.com\/tcm\/wp-json\/wp\/v2\/pages\/111\/revisions\/849"}],"wp:attachment":[{"href":"https:\/\/telecomunicacionesmonagas.com\/tcm\/wp-json\/wp\/v2\/media?parent=111"}],"curies":[{"name":"wp","href":"https:\/\/api.w.org\/{rel}","templated":true}]}}