{"id":291,"date":"2018-11-26T09:04:56","date_gmt":"2018-11-26T13:34:56","guid":{"rendered":"https:\/\/telecomunicacionesmonagas.com\/tcm\/?post_type=product&#038;p=291"},"modified":"2018-11-26T09:50:10","modified_gmt":"2018-11-26T14:20:10","slug":"radio-movil-mototrbo-dgm6100-motorola","status":"publish","type":"product","link":"https:\/\/telecomunicacionesmonagas.com\/tcm\/producto\/radio-movil-mototrbo-dgm6100-motorola\/","title":{"rendered":"RADIO M\u00d3VIL  MOTOTRBO DGM6100  MOTOROLA"},"content":{"rendered":"<p id=\"tw-target-text\" class=\"tw-data-text tw-ta tw-text-small\" dir=\"ltr\" data-placeholder=\"Traducci\u00f3n\"><span lang=\"es\">Utiliza tecnolog\u00eda digital de acceso m\u00faltiple por divisi\u00f3n de tiempo (TDMA) lo que duplica el n\u00famero de usuarios que puede tener en una sola Canal de 12,5 kHz con licencia. Integra voz y datos para aumentar la eficiencia operativa. Admite aplicaciones que incluyen mensajes de texto MOTOTRBO Servicios y servicios de localizaci\u00f3n de MOTOTRBO. Dos botones programables para facilitar el acceso a favoritos caracteristicas. Botones personalizables para facilitar la comprensi\u00f3n del usuario. El bot\u00f3n de emergencia alerta al supervisor o despachador en situaciones de emergencia. Indicadores LED de varios colores para una respuesta clara y visible de Funciones de llamada, escaneo y monitorizaci\u00f3n. Privacidad mejorada Capacidad de itinerancia en el sistema de conexi\u00f3n de sitio IP.<\/span><\/p>\n<p class=\"tw-data-text tw-ta tw-text-small\" dir=\"ltr\" data-placeholder=\"Traducci\u00f3n\"><span lang=\"es\"><img decoding=\"async\" loading=\"lazy\" class=\"alignleft wp-image-290 \" src=\"https:\/\/telecomunicacionesmonagas.com\/tcm\/wp-content\/uploads\/2018\/11\/cambie_digital.jpg\" alt=\"\" width=\"387\" height=\"385\" srcset=\"https:\/\/telecomunicacionesmonagas.com\/tcm\/wp-content\/uploads\/2018\/11\/cambie_digital.jpg 423w, https:\/\/telecomunicacionesmonagas.com\/tcm\/wp-content\/uploads\/2018\/11\/cambie_digital-150x150.jpg 150w, https:\/\/telecomunicacionesmonagas.com\/tcm\/wp-content\/uploads\/2018\/11\/cambie_digital-100x100.jpg 100w\" sizes=\"(max-width: 387px) 100vw, 387px\" \/>Los modelos GPS pueden transmitir coordenadas de ubicaci\u00f3n utilizando el Aplicaci\u00f3n de servicios de localizaci\u00f3n. Permite una f\u00e1cil migraci\u00f3n de anal\u00f3gico a digital con la capacidad Para operar en ambos modos. Cumple con los est\u00e1ndares militares de EE. UU. 810 C, D, E y F, y Motorola Est\u00e1ndares de durabilidad y fiabilidad. <\/span><\/p>\n<p class=\"tw-data-text tw-ta tw-text-small\" dir=\"ltr\" data-placeholder=\"Traducci\u00f3n\"><span lang=\"es\">Utiliza el sistema de audio IMPRES para audio mejorado funcionalidad Micr\u00f3fono compacto y ergon\u00f3micamente amigable. Las funciones mejoradas de gesti\u00f3n de llamadas incluyen descodificaci\u00f3n de alerta de llamada, codificaci\u00f3n de emergencia, decodificaci\u00f3n de monitor remoto, ID de pulsar para hablar codificar, decodificaci\u00f3n de verificaci\u00f3n de radio, decodificaci\u00f3n de llamada privada, toda llamada, radio deshabilitar decodificar Enviar mensajes de texto r\u00e1pido a trav\u00e9s de botones programables.<br \/>\n<\/span><\/p>\n","protected":false},"excerpt":{"rendered":"<p><span lang=\"es\">Radios m\u00f3viles disponibles con pantalla num\u00e9rica, con GPS y sin GPS. <\/span><\/p>\n","protected":false},"featured_media":292,"template":"","meta":[],"_links":{"self":[{"href":"https:\/\/telecomunicacionesmonagas.com\/tcm\/wp-json\/wp\/v2\/product\/291"}],"collection":[{"href":"https:\/\/telecomunicacionesmonagas.com\/tcm\/wp-json\/wp\/v2\/product"}],"about":[{"href":"https:\/\/telecomunicacionesmonagas.com\/tcm\/wp-json\/wp\/v2\/types\/product"}],"wp:featuredmedia":[{"embeddable":true,"href":"https:\/\/telecomunicacionesmonagas.com\/tcm\/wp-json\/wp\/v2\/media\/292"}],"wp:attachment":[{"href":"https:\/\/telecomunicacionesmonagas.com\/tcm\/wp-json\/wp\/v2\/media?parent=291"}],"curies":[{"name":"wp","href":"https:\/\/api.w.org\/{rel}","templated":true}]}}