{"id":297,"date":"2018-11-26T09:27:16","date_gmt":"2018-11-26T13:57:16","guid":{"rendered":"https:\/\/telecomunicacionesmonagas.com\/tcm\/?post_type=product&#038;p=297"},"modified":"2018-11-26T10:52:00","modified_gmt":"2018-11-26T15:22:00","slug":"radio-portatil-mototrbo-dgp6150","status":"publish","type":"product","link":"https:\/\/telecomunicacionesmonagas.com\/tcm\/producto\/radio-portatil-mototrbo-dgp6150\/","title":{"rendered":"RADIO PORT\u00c1TIL  MOTOTRBO DGP6150"},"content":{"rendered":"<p id=\"tw-target-text\" class=\"tw-data-text tw-ta tw-text-small\" dir=\"ltr\" data-placeholder=\"Traducci\u00f3n\">Utiliza acceso digital m\u00faltiple por divisi\u00f3n de tiempo (TDMA) Tecnolog\u00eda que duplica la cantidad de usuarios que puedes tener. en un solo canal con licencia de 12.5 kHz. Integra voz y datos para aumentar la eficiencia operativa. Soporta aplicaciones de datos incluyendo texto MOTOTRBO Servicios de mensajer\u00eda y servicios de localizaci\u00f3n MOTOTRBO. Proporciona comunicaciones de voz m\u00e1s claras en un mayor rango Que las radios anal\u00f3gicas comparables. El bot\u00f3n de emergencia alerta al supervisor o despachador en una situaci\u00f3n de emergencia. Los modelos GPS pueden transmitir coordenadas de ubicaci\u00f3n utilizando el Aplicaci\u00f3n de servicios de localizaci\u00f3n<\/p>\n<p class=\"tw-data-text tw-ta tw-text-small\" dir=\"ltr\" data-placeholder=\"Traducci\u00f3n\"><span lang=\"es\"><img decoding=\"async\" loading=\"lazy\" class=\"alignleft wp-image-290 \" src=\"https:\/\/telecomunicacionesmonagas.com\/tcm\/wp-content\/uploads\/2018\/11\/cambie_digital.jpg\" alt=\"\" width=\"387\" height=\"385\" srcset=\"https:\/\/telecomunicacionesmonagas.com\/tcm\/wp-content\/uploads\/2018\/11\/cambie_digital.jpg 423w, https:\/\/telecomunicacionesmonagas.com\/tcm\/wp-content\/uploads\/2018\/11\/cambie_digital-150x150.jpg 150w, https:\/\/telecomunicacionesmonagas.com\/tcm\/wp-content\/uploads\/2018\/11\/cambie_digital-100x100.jpg 100w\" sizes=\"(max-width: 387px) 100vw, 387px\" \/><\/span><\/p>\n<p id=\"tw-target-text\" class=\"tw-data-text tw-ta tw-text-small\" dir=\"ltr\" data-placeholder=\"Traducci\u00f3n\"><span lang=\"es\">Privacidad mejorada<\/span><\/p>\n<p id=\"tw-target-text\" class=\"tw-data-text tw-ta tw-text-small\" dir=\"ltr\" data-placeholder=\"Traducci\u00f3n\"><span lang=\"es\">Capacidad de itinerancia en el sistema de conexi\u00f3n de sitio IP Soporte para hasta 1,000 canales. VOX, capacidad para transmisiones de radio manos libres con seleccionado accesorios de radio Env\u00ede mensajes cortos de forma r\u00e1pida y de texto r\u00e1pido a trav\u00e9s de Botones o teclado programables. La lista de contactos tiene una capacidad de hasta 256 contactos. Permite una f\u00e1cil migraci\u00f3n de anal\u00f3gico a digital con la capacidad Para operar en ambos modos. Cumple con los est\u00e1ndares militares de EE. UU. 810 C, D, E y F, IP57 para Sumergibilidad y normas de Motorola para la durabilidad y confiabilidad. El conector de accesorios cumple con las especificaciones de sumergibilidad IP57 e incorpora RF, USB y capacidad de audio mejorada. Utiliza los sistemas IMPRES Energy y Audio para automatizar mantenimiento de la bater\u00eda, optimizar el ciclo de vida de la bater\u00eda, maximizar tiempo de conversaci\u00f3n de la bater\u00eda, y mejorar la funcionalidad de audio. Las funciones mejoradas de gesti\u00f3n de llamadas incluyen alerta de llamada, emergencia, monitor remoto, identificaci\u00f3n para presionar para hablar, verificaci\u00f3n de radio, Llamada privada, radio desactivada.<\/span><\/p>\n<p class=\"tw-data-text tw-ta tw-text-small\" dir=\"ltr\" data-placeholder=\"Traducci\u00f3n\"><span lang=\"es\">\u00a0<\/span><\/p>\n","protected":false},"excerpt":{"rendered":"<p>Radios port\u00e1tiles disponibles Sin pantalla,con\u00a0 GPS y sin GPS.<\/p>\n","protected":false},"featured_media":298,"template":"","meta":[],"_links":{"self":[{"href":"https:\/\/telecomunicacionesmonagas.com\/tcm\/wp-json\/wp\/v2\/product\/297"}],"collection":[{"href":"https:\/\/telecomunicacionesmonagas.com\/tcm\/wp-json\/wp\/v2\/product"}],"about":[{"href":"https:\/\/telecomunicacionesmonagas.com\/tcm\/wp-json\/wp\/v2\/types\/product"}],"wp:featuredmedia":[{"embeddable":true,"href":"https:\/\/telecomunicacionesmonagas.com\/tcm\/wp-json\/wp\/v2\/media\/298"}],"wp:attachment":[{"href":"https:\/\/telecomunicacionesmonagas.com\/tcm\/wp-json\/wp\/v2\/media?parent=297"}],"curies":[{"name":"wp","href":"https:\/\/api.w.org\/{rel}","templated":true}]}}