{"id":300,"date":"2018-11-26T09:34:53","date_gmt":"2018-11-26T14:04:53","guid":{"rendered":"https:\/\/telecomunicacionesmonagas.com\/tcm\/?post_type=product&#038;p=300"},"modified":"2018-11-26T09:48:58","modified_gmt":"2018-11-26T14:18:58","slug":"mototrbo-mtr-3000","status":"publish","type":"product","link":"https:\/\/telecomunicacionesmonagas.com\/tcm\/producto\/mototrbo-mtr-3000\/","title":{"rendered":"MOTOTRBO MTR 3000"},"content":{"rendered":"<p>MTR3000 es un repetidor integrado de voz y datos MOTOTRBOTM, especialmente dise\u00f1ado para cumplir con los requerimientos de los operadores de peque\u00f1as organizaciones profesionales, municipalidades y de servicios p\u00fablicos.<br \/>\nEl MTR3000 funciona con todas las configuraciones del sistema MOTOTRBO, entregando mayor capacidad, eficiencia de espectro, aplicaciones integradas de datos y comunicaciones de voz mejoradas.<br \/>\nEl MTR3000 tambi\u00e9n funciona en modo anal\u00f3gico para sistemas convencionales y LTR, ofreciendo un repetidor flexible y de alta potencia.Para los sistemas que actualmente utilizan la estaci\u00f3n base \/ el repetidor MTR2000 de alta potencia, existe un simple kit de actualizaci\u00f3n a MTR3000 que permite que la estaci\u00f3n sea compatible con sistemas MOTOTRBO, permitiendo que el usuario aproveche su inversi\u00f3n actual.<\/p>\n","protected":false},"excerpt":{"rendered":"<p>MTR3000 es un repetidor integrado de voz y datos MOTOTRBOTM, especialmente dise\u00f1ado para cumplir con los requerimientos de los operadores de peque\u00f1as organizaciones profesionales, municipalidades y de servicios p\u00fablicos. El MTR3000 funciona con todas las configuraciones del sistema MOTOTRBO, entregando mayor capacidad, eficiencia de espectro, aplicaciones integradas de datos y comunicaciones de voz mejoradas. El [&hellip;]<\/p>\n","protected":false},"featured_media":304,"template":"","meta":[],"_links":{"self":[{"href":"https:\/\/telecomunicacionesmonagas.com\/tcm\/wp-json\/wp\/v2\/product\/300"}],"collection":[{"href":"https:\/\/telecomunicacionesmonagas.com\/tcm\/wp-json\/wp\/v2\/product"}],"about":[{"href":"https:\/\/telecomunicacionesmonagas.com\/tcm\/wp-json\/wp\/v2\/types\/product"}],"wp:featuredmedia":[{"embeddable":true,"href":"https:\/\/telecomunicacionesmonagas.com\/tcm\/wp-json\/wp\/v2\/media\/304"}],"wp:attachment":[{"href":"https:\/\/telecomunicacionesmonagas.com\/tcm\/wp-json\/wp\/v2\/media?parent=300"}],"curies":[{"name":"wp","href":"https:\/\/api.w.org\/{rel}","templated":true}]}}