{"id":308,"date":"2018-11-26T09:59:56","date_gmt":"2018-11-26T14:29:56","guid":{"rendered":"https:\/\/telecomunicacionesmonagas.com\/tcm\/?post_type=product&#038;p=308"},"modified":"2018-11-26T10:52:08","modified_gmt":"2018-11-26T15:22:08","slug":"radio-movil-em400-motorola","status":"publish","type":"product","link":"https:\/\/telecomunicacionesmonagas.com\/tcm\/producto\/radio-movil-em400-motorola\/","title":{"rendered":"RADIO M\u00d3VIL  EM400  MOTOROLA"},"content":{"rendered":"<h4>Beneficios<\/h4>\n<p><strong>Pantalla Alfanum\u00e9rica de 8 Caracteres<\/strong><br \/>\nCon \u00edconos f\u00e1ciles de comprender, brindan informaci\u00f3n sobre<br \/>\nel estado de las funciones tales como rastreo, alta \/ baja<br \/>\npotencia y fuerza de la se\u00f1al recibida.<br \/>\n<strong>Rastreo de Doble Prioridad<\/strong><br \/>\nLe permite monitorear comunicaciones en diferentes canales<br \/>\nsin tener que cambiar manualmente canal por canal. Adem\u00e1s,<br \/>\nsi existe uno a dos canales que son m\u00e1s importantes que los<br \/>\notros, usted puede monitorearlos con mayor frecuencia.<br \/>\n<strong>32 Canales<\/strong><br \/>\nOrganice sus equipos de trabajo en varios grupos de<br \/>\nconversaci\u00f3n individuales. Una herramienta ideal para<br \/>\noperaciones complejas en las que la comunicaci\u00f3n entre<br \/>\nequipos diferentes es esencial.<br \/>\n<strong>4 Botones Programables<\/strong><br \/>\nPrograme hasta ocho de las funciones m\u00e1s usadas para ser<br \/>\naccedidas al presionar un bot\u00f3n.<br \/>\n<strong>Llamada Selectiva<\/strong><br \/>\nLa funci\u00f3n limitada de llamada privada le permite seleccionar al<br \/>\nusuario a qui\u00e9n desea enviar informaci\u00f3n. Organice la informaci\u00f3n<br \/>\nhacia individuos previamente seleccionados en el grupo.<br \/>\n<strong>Alerta de Llamada MDC<\/strong><br \/>\nUna amplia gama de funciones de se\u00f1alizaci\u00f3n le permiten<br \/>\nintercambiar comunicaciones con el centro de despacho<br \/>\nutilizando acuses de recepci\u00f3n sonoros y visuales. Estas<br \/>\nfunciones tambi\u00e9n pueden ser utilizadas para enviar<br \/>\nse\u00f1alizaciones discretas en situaciones de emergencia o para<br \/>\nsupervisar a los grupos de trabajo con mayor eficiencia.<br \/>\nTransmisi\u00f3n Activada por Voz (VOX) Integrada<br \/>\nHable y escuche una conversaci\u00f3n por radio sin tener que usar<br \/>\nlas manos (con el accesorio de audio apropiado).<\/p>\n<h4>\nAccesorios<\/h4>\n<p>Para optimizar el funcionamiento de sus radios, Motorola cuenta<br \/>\ncon una amplia gama de Accesorios Originales que le permite<br \/>\nsatisfacer cada una de sus necesidades de comunicaci\u00f3n. Los<br \/>\nAccesorios Originales Motorola son desarrollados cuidando cada<br \/>\ndetalle, para asegurarle as\u00ed, efectividad y durabilidad.<\/p>\n","protected":false},"excerpt":{"rendered":"<p><strong>Caracter\u00edsticas<\/strong><br \/>\n\u2022 32 Canales<br \/>\n\u2022 Pantalla Alfanum\u00e9rica de 8 Caracteres<br \/>\n\u2022 Eliminaci\u00f3n de Canal Ruidoso<br \/>\n\u2022 Rastreo con Doble Prioridad<br \/>\n\u2022 Bloqueo de Canal Ocupado<br \/>\n\u2022 Repetidor \/ Comunicaci\u00f3n Directa<br \/>\n\u2022 Compresi\u00f3n de Voz (X-Pand \u2122)<br \/>\n\u2022 Transmisi\u00f3n Activada por Voz (VOX) Integrada<br \/>\n\u2022 Limitador de Tiempo de Transmisi\u00f3n<br \/>\n\u2022 CSQ \/ PL \/ DPL \/ inv-DPL<br \/>\n\u2022 Escalert<br \/>\n\u2022 Se\u00f1alizaci\u00f3n MDC-1200<br \/>\n&#8211; PTT-ID (env\u00edo \/ recepci\u00f3n)<br \/>\n&#8211; Verificaci\u00f3n del Radio (recepci\u00f3n)<br \/>\n&#8211; Emergencia (env\u00edo)<br \/>\n&#8211; Inhibici\u00f3n Selectiva del Radio (recepci\u00f3n)<br \/>\n&#8211; Llamada Selectiva (env\u00edo \/recepci\u00f3n)<br \/>\n&#8211; Alerta de Llamada (recepci\u00f3n)<br \/>\n\u2022 Se\u00f1alizaci\u00f3n Quik-Call II<br \/>\n&#8211; Llamada de Alerta (env\u00edo \/ recepci\u00f3n)<br \/>\n&#8211; Llamada Selectiva (env\u00edo \/ recepci\u00f3n)<br \/>\n\u2022 Se\u00f1alizaci\u00f3n DTMF<br \/>\n&#8211; PTT-ID (env\u00edo)<br \/>\n&#8211; Llamada de Alerta (env\u00edo)<br \/>\n&#8211; Llamada Selectiva (env\u00edo)<br \/>\n\u2022 4 Botones Programables<br \/>\n\u2022 Puerto para Tarjetas Opcionales<\/p>\n","protected":false},"featured_media":309,"template":"","meta":[],"_links":{"self":[{"href":"https:\/\/telecomunicacionesmonagas.com\/tcm\/wp-json\/wp\/v2\/product\/308"}],"collection":[{"href":"https:\/\/telecomunicacionesmonagas.com\/tcm\/wp-json\/wp\/v2\/product"}],"about":[{"href":"https:\/\/telecomunicacionesmonagas.com\/tcm\/wp-json\/wp\/v2\/types\/product"}],"wp:featuredmedia":[{"embeddable":true,"href":"https:\/\/telecomunicacionesmonagas.com\/tcm\/wp-json\/wp\/v2\/media\/309"}],"wp:attachment":[{"href":"https:\/\/telecomunicacionesmonagas.com\/tcm\/wp-json\/wp\/v2\/media?parent=308"}],"curies":[{"name":"wp","href":"https:\/\/api.w.org\/{rel}","templated":true}]}}