{"id":448,"date":"2018-11-27T14:41:08","date_gmt":"2018-11-27T19:11:08","guid":{"rendered":"https:\/\/telecomunicacionesmonagas.com\/tcm\/?post_type=product&#038;p=448"},"modified":"2018-11-27T14:41:08","modified_gmt":"2018-11-27T19:11:08","slug":"ultradelgado-power-bank-portatil-cargador-bateria-usb","status":"publish","type":"product","link":"https:\/\/telecomunicacionesmonagas.com\/tcm\/producto\/ultradelgado-power-bank-portatil-cargador-bateria-usb\/","title":{"rendered":"Ultradelgado Power Bank Port\u00e1til Cargador Bater\u00eda USB"},"content":{"rendered":"<p><b>\u00b7 Light-weight and fashionable design.<br \/>\n\u00b7 Capacity, 50000mAh. 5V .<br \/>\n\u00b7 Easily fit into your carry bag and charge your mobile device anytime and anywhere.<br \/>\n\u00b7 Dual USB , LED ,Four LED indicators show you the energy state of external battery and can be used as flashlight.<br \/>\n\u00b7 Built-in Polymer battery.<br \/>\n\u00b7 Input: DC 5V \/ 1A<br \/>\n\u00b7 Output 1: DC 5V \/ 1A , Output 2: DC 5V \/ 2.1A\u00a0<\/b><\/p>\n","protected":false},"excerpt":{"rendered":"<p>Ultradelgado Power Bank Port\u00e1til Cargador Bater\u00eda USB de 2 LED 50000mAh para Tel\u00e9fono Celular<\/p>\n","protected":false},"featured_media":449,"template":"","meta":[],"_links":{"self":[{"href":"https:\/\/telecomunicacionesmonagas.com\/tcm\/wp-json\/wp\/v2\/product\/448"}],"collection":[{"href":"https:\/\/telecomunicacionesmonagas.com\/tcm\/wp-json\/wp\/v2\/product"}],"about":[{"href":"https:\/\/telecomunicacionesmonagas.com\/tcm\/wp-json\/wp\/v2\/types\/product"}],"wp:featuredmedia":[{"embeddable":true,"href":"https:\/\/telecomunicacionesmonagas.com\/tcm\/wp-json\/wp\/v2\/media\/449"}],"wp:attachment":[{"href":"https:\/\/telecomunicacionesmonagas.com\/tcm\/wp-json\/wp\/v2\/media?parent=448"}],"curies":[{"name":"wp","href":"https:\/\/api.w.org\/{rel}","templated":true}]}}