{"id":450,"date":"2018-11-27T14:43:46","date_gmt":"2018-11-27T19:13:46","guid":{"rendered":"https:\/\/telecomunicacionesmonagas.com\/tcm\/?post_type=product&#038;p=450"},"modified":"2018-11-27T14:43:46","modified_gmt":"2018-11-27T19:13:46","slug":"power-bank-cargador-rapido-de-bateria-2usb","status":"publish","type":"product","link":"https:\/\/telecomunicacionesmonagas.com\/tcm\/producto\/power-bank-cargador-rapido-de-bateria-2usb\/","title":{"rendered":"Power Bank Cargador R\u00e1pido De Bater\u00eda 2USB"},"content":{"rendered":"<p>USB Port Quantity: 2<\/p>\n<p>USB Input: DC 5V 1A<\/p>\n<p>USB Output: DC 5V 1A\/ 2A<\/p>\n<p>Power Capacity: 50000mAh<\/p>\n<p>Conversion1 inch = 25.4mm or 1mm = 0.0393 inch<\/p>\n","protected":false},"excerpt":{"rendered":"<p>Ultradelgado Inal\u00e1mbrico 50000mah Power Bank Cargador R\u00e1pido De Bater\u00eda 2USB para Tel\u00e9fono Celular<\/p>\n","protected":false},"featured_media":451,"template":"","meta":[],"_links":{"self":[{"href":"https:\/\/telecomunicacionesmonagas.com\/tcm\/wp-json\/wp\/v2\/product\/450"}],"collection":[{"href":"https:\/\/telecomunicacionesmonagas.com\/tcm\/wp-json\/wp\/v2\/product"}],"about":[{"href":"https:\/\/telecomunicacionesmonagas.com\/tcm\/wp-json\/wp\/v2\/types\/product"}],"wp:featuredmedia":[{"embeddable":true,"href":"https:\/\/telecomunicacionesmonagas.com\/tcm\/wp-json\/wp\/v2\/media\/451"}],"wp:attachment":[{"href":"https:\/\/telecomunicacionesmonagas.com\/tcm\/wp-json\/wp\/v2\/media?parent=450"}],"curies":[{"name":"wp","href":"https:\/\/api.w.org\/{rel}","templated":true}]}}