{"id":453,"date":"2018-11-27T14:47:07","date_gmt":"2018-11-27T19:17:07","guid":{"rendered":"https:\/\/telecomunicacionesmonagas.com\/tcm\/?post_type=product&#038;p=453"},"modified":"2018-11-27T14:47:08","modified_gmt":"2018-11-27T19:17:08","slug":"portatil-cargador-de-bateria-banco-de-energia-solar","status":"publish","type":"product","link":"https:\/\/telecomunicacionesmonagas.com\/tcm\/producto\/portatil-cargador-de-bateria-banco-de-energia-solar\/","title":{"rendered":"Port\u00e1til Cargador De Bater\u00eda Banco De Energ\u00eda Solar"},"content":{"rendered":"<p><b>Water-Resistant\u00a0<\/b>solar power bank,\u00a0external battery charger.<br \/>\nDual USB\u00a0and\u00a0powerful LED light,\u00a0which makes it easy to charge two smartphones simultaneously or a\u00a0tablet at full speed.\u00a02 LED lights\u00a0can be used as flashlight.<br \/>\nFive indicators show the status of battery charger timely.<br \/>\nPortability design: Easily hang it on your backpack with the inluded hook, hands-free.<br \/>\nAnti-explosion, lightweight, compact and reliable, long lifespan.<br \/>\nExternal battery charger with solar panel can recharge by solar or outlet.<\/p>\n<p><strong>Specifications:<\/strong><br \/>\nCapacity: 300000mAh<br \/>\nVoltage: 5V<br \/>\nSingle size: 139x76x22mm<\/p>\n<p>Color: black &amp; white, black &amp; green, black &amp; orange, black &amp; blu<\/p>\n<p><strong>Package includes:<\/strong><br \/>\n<b>1 x\u00a0\u00a0<\/b><b>Water-Resistant\u00a0solar power bank<\/b><\/p>\n<p><b>1 x\u00a0\u00a0USB cables<\/b><\/p>\n","protected":false},"excerpt":{"rendered":"<p>Resistente al agua 300000mAh Doble USB<\/p>\n","protected":false},"featured_media":454,"template":"","meta":[],"_links":{"self":[{"href":"https:\/\/telecomunicacionesmonagas.com\/tcm\/wp-json\/wp\/v2\/product\/453"}],"collection":[{"href":"https:\/\/telecomunicacionesmonagas.com\/tcm\/wp-json\/wp\/v2\/product"}],"about":[{"href":"https:\/\/telecomunicacionesmonagas.com\/tcm\/wp-json\/wp\/v2\/types\/product"}],"wp:featuredmedia":[{"embeddable":true,"href":"https:\/\/telecomunicacionesmonagas.com\/tcm\/wp-json\/wp\/v2\/media\/454"}],"wp:attachment":[{"href":"https:\/\/telecomunicacionesmonagas.com\/tcm\/wp-json\/wp\/v2\/media?parent=453"}],"curies":[{"name":"wp","href":"https:\/\/api.w.org\/{rel}","templated":true}]}}