{"id":458,"date":"2018-11-27T14:55:01","date_gmt":"2018-11-27T19:25:01","guid":{"rendered":"https:\/\/telecomunicacionesmonagas.com\/tcm\/?post_type=product&#038;p=458"},"modified":"2018-11-28T14:41:41","modified_gmt":"2018-11-28T19:11:41","slug":"unidad-de-estado-solido-480gb-sandisk","status":"publish","type":"product","link":"https:\/\/telecomunicacionesmonagas.com\/tcm\/producto\/unidad-de-estado-solido-480gb-sandisk\/","title":{"rendered":"Unidad De Estado S\u00f3lido 480GB sandisk"},"content":{"rendered":"<p><strong>Capacit\u00e9 de stockage:<\/strong>\u00a0480Go<br \/>\n<strong>Type de Produit:<\/strong>\u00a0SSD<br \/>\n<strong>Fabricant:<\/strong>\u00a0SanDisk<br \/>\n<strong>Garantie standard:<\/strong>\u00a0Garantie limit\u00e9e de 3 ans<br \/>\n<strong>R\u00e9f\u00e9rence fabricant:\u00a0<\/strong>SDSSDA-240G-G26<br \/>\n<strong>Performance:<\/strong>\u00a0Jusqu\u2019\u00e0 530 Mo\/s Lecture s\u00e9quentielle, 440 Mo\/s Ecriture s\u00e9quentielle<br \/>\n<strong>D\u00e9tails de l\u2019emballement:\u00a0<\/strong>Emballage d\u2019origine<\/p>\n<p>L&#8217;article inclut:<br \/>\n1 x Standard SanDisk 2.5&#8243; SATA III SSD Interne 480Go SSD Plus<\/p>\n","protected":false},"excerpt":{"rendered":"<p>Capacit\u00e9 de stockage:\u00a0480Go Type de Produit:\u00a0SSD Fabricant:\u00a0SanDisk Garantie standard:\u00a0Garantie limit\u00e9e de 3 ans R\u00e9f\u00e9rence fabricant:\u00a0SDSSDA-240G-G26 Performance:\u00a0Jusqu\u2019\u00e0 530 Mo\/s Lecture s\u00e9quentielle, 440 Mo\/s Ecriture s\u00e9quentielle D\u00e9tails de l\u2019emballement:\u00a0Emballage d\u2019origine L&#8217;article inclut: 1 x Standard SanDisk 2.5&#8243; SATA III SSD Interne 480Go SSD Plus<\/p>\n","protected":false},"featured_media":459,"template":"","meta":[],"_links":{"self":[{"href":"https:\/\/telecomunicacionesmonagas.com\/tcm\/wp-json\/wp\/v2\/product\/458"}],"collection":[{"href":"https:\/\/telecomunicacionesmonagas.com\/tcm\/wp-json\/wp\/v2\/product"}],"about":[{"href":"https:\/\/telecomunicacionesmonagas.com\/tcm\/wp-json\/wp\/v2\/types\/product"}],"wp:featuredmedia":[{"embeddable":true,"href":"https:\/\/telecomunicacionesmonagas.com\/tcm\/wp-json\/wp\/v2\/media\/459"}],"wp:attachment":[{"href":"https:\/\/telecomunicacionesmonagas.com\/tcm\/wp-json\/wp\/v2\/media?parent=458"}],"curies":[{"name":"wp","href":"https:\/\/api.w.org\/{rel}","templated":true}]}}