{"id":489,"date":"2018-11-28T14:22:20","date_gmt":"2018-11-28T18:52:20","guid":{"rendered":"https:\/\/telecomunicacionesmonagas.com\/tcm\/?post_type=product&#038;p=489"},"modified":"2018-11-28T14:22:40","modified_gmt":"2018-11-28T18:52:40","slug":"ubiquiti-pbe-m5-400-power-beam-m5-25dbi-5ghz","status":"publish","type":"product","link":"https:\/\/telecomunicacionesmonagas.com\/tcm\/producto\/ubiquiti-pbe-m5-400-power-beam-m5-25dbi-5ghz\/","title":{"rendered":"Ubiquiti PBE-M5-400 POWER BEAM M5 25DBI 5GHZ"},"content":{"rendered":"<ul>\n<li>La PBE-M5-400 Puente PowerBeam AirMax de Ubiquiti Networks tiene un dise\u00f1o mec\u00e1nico innovador.<\/li>\n<li>Este PowerBeam soporta hasta m\u00e1s de 150 Mb\/s real de TCP \/ IP rendimiento.<\/li>\n<li>Dirige la energ\u00eda de RF en una anchura de haz m\u00e1s fuerte.<\/li>\n<li>Con el foco en una direcci\u00f3n, los bloques PowerBeam o espacialmente filtra el ruido, por lo que se mejora la inmunidad al ruido.<\/li>\n<li>Esta caracter\u00edstica es importante en una zona que est\u00e1 llena de gente con otras se\u00f1ales de RF de la misma o similar frecuencia.<\/li>\n<\/ul>\n","protected":false},"excerpt":{"rendered":"<p>Ubiquiti Power Beam M5 400 25 Dbi<\/p>\n<p>Puente airMAX\u00ae de alto rendimiento<\/p>\n<p>Al incorporar un dise\u00f1o de reflector de plato con tecnolog\u00eda avanzada, PowerBeam \u2122 es la \u00faltima generaci\u00f3n de Ubiquiti Networks\u00ae airMAX\u00ae CPE para ubicaciones de clientes.<\/p>\n","protected":false},"featured_media":490,"template":"","meta":[],"_links":{"self":[{"href":"https:\/\/telecomunicacionesmonagas.com\/tcm\/wp-json\/wp\/v2\/product\/489"}],"collection":[{"href":"https:\/\/telecomunicacionesmonagas.com\/tcm\/wp-json\/wp\/v2\/product"}],"about":[{"href":"https:\/\/telecomunicacionesmonagas.com\/tcm\/wp-json\/wp\/v2\/types\/product"}],"wp:featuredmedia":[{"embeddable":true,"href":"https:\/\/telecomunicacionesmonagas.com\/tcm\/wp-json\/wp\/v2\/media\/490"}],"wp:attachment":[{"href":"https:\/\/telecomunicacionesmonagas.com\/tcm\/wp-json\/wp\/v2\/media?parent=489"}],"curies":[{"name":"wp","href":"https:\/\/api.w.org\/{rel}","templated":true}]}}